{"id":41,"date":"2023-05-24T11:02:19","date_gmt":"2023-05-24T11:02:19","guid":{"rendered":"https:\/\/www.chateau-hauger.fr\/?page_id=41"},"modified":"2025-07-07T12:49:20","modified_gmt":"2025-07-07T12:49:20","slug":"hochzeit","status":"publish","type":"page","link":"https:\/\/www.chateau-hauger.fr\/de\/hochzeit\/","title":{"rendered":"Hochzeit"},"content":{"rendered":"<div class=\"wpb-content-wrapper\">[vc_row][vc_column width=&#8220;1\/2&#8243;][vc_column_text css=&#8220;&#8220;]\n<h2>Arrangements<\/h2>\n<p>Wir werden alles tun, um diesen Tag zu einem Erfolg zu machen.<\/p>\n<p>Unvergessliche Hochzeiten feiert das Ch\u00e2teau du-Hameau-Hauger in Amfreville seit mehreren Generationen. Erleben Sie dort in harmonischer Atmosph\u00e4re die festlichsten und bewegendsten Momente Ihrer Familie.<br \/>\nDer Blick auf das Meer, die Ruhe bei Sonnenuntergang und die Weite des Gartens bilden zusammen mit dem Haupthaus und den Nebengeb\u00e4uden ein Ensemble mit besonderem Charme und einer einzigartigen und wohltuenden Atmosph\u00e4re f\u00fcr die G\u00e4ste.<br \/>\nSeit Jahrzehnten feiern Familien an diesem herrlichen Ort Taufen, Geburtstage, Schulabschl\u00fcsse und Hochzeiten. Sie werden eine famili\u00e4re Atmosph\u00e4re, Liebe zum Detail und Respekt vor Ihren Traditionen sp\u00fcren.<br \/>\nSprechen Sie uns unverbindlich an, verabreden Sie ein Treffen vor Ort und verwirklichen Sie Ihre Vorstellungen eines sch\u00f6nen Festes.[\/vc_column_text][\/vc_column][vc_column width=&#8220;1\/2&#8243;][vc_single_image image=&#8220;71&#8243; style=&#8220;vc_box_border&#8220; border_color=&#8220;white&#8220; css=&#8220;.vc_custom_1688650656128{background-color: #ffffff !important;}&#8220;][\/vc_column][\/vc_row][vc_row full_width=&#8220;stretch_row&#8220; css=&#8220;.vc_custom_1643110392327{padding-top: 25px !important;background-color: #ffffff !important;}&#8220;][vc_column width=&#8220;1\/2&#8243;][vc_column_text css=&#8220;&#8220;]\n<h2>Fotografie<\/h2>\n<p>Perfekte Hochzeitsfotos.<\/p>\n<p>Ihre Fotosession.<\/p>\n<p>Ob Regen oder Sonnenschein, Sie finden den perfekten Rahmen f\u00fcr perfekte Hochzeitsfotos.<\/p>\n<p>Bei sch\u00f6nem Wetter: der Park, der Rosengarten, die Treppe zum Schloss, in der Scheune, in der N\u00e4he der Weinreben, unter den hundertj\u00e4hrigen Linden.<\/p>\n<p>Bei schlechtem Wetter: die Treppe am Eingang, das Empfangszimmer, wo immer Sie wollen&#8230;<\/p>\n<p>Gerne schaffen wir anl\u00e4sslich Ihres Besuches weitere M\u00f6glichkeiten f\u00fcr diesen besonderen Tag.[\/vc_column_text][\/vc_column][vc_column width=&#8220;1\/2&#8243;][vc_single_image image=&#8220;69&#8243; style=&#8220;vc_box_border&#8220; css=&#8220;.vc_custom_1688734380312{background-color: #ffffff !important;}&#8220;][\/vc_column][\/vc_row][vc_row css=&#8220;.vc_custom_1688651815027{padding-top: 25px !important;}&#8220;][vc_column width=&#8220;1\/2&#8243;][vc_column_text css=&#8220;&#8220;]\n<h2>Cocktail-Empfang oder &#8222;Aperitif&#8220; wie man hier sagt.<\/h2>\n<p>Die Dekorationen, die romantische Atmosph\u00e4re und die Lebensfreude, die vom Schloss ausgeht, schaffen den idealen Rahmen f\u00fcr Ihre Hochzeit.<\/p>\n<p>Die Tradition der Hochzeiten im Ch\u00e2teau du-Hameau-Hauger in Amfr\u00e9ville besteht seit mehreren Generationen. In harmonischer Atmosph\u00e4re werden dort die festlichsten und bewegendsten Momente erlebt.<\/p>\n<p>Der Blick auf das Meer, die Ruhe bei Sonnenuntergang und die Weite des Gartens bilden zusammen mit dem Haupthaus ein Ensemble mit besonderem Charme und einer einzigartigen und wohltuenden Atmosph\u00e4re f\u00fcr die G\u00e4ste.<\/p>\n<p>Seit Jahrzehnten feiern Familien an diesem herrlichen Ort Taufen, Geburtstage, Schulabschl\u00fcsse und Hochzeiten. Sie werden eine famili\u00e4re Atmosph\u00e4re, Liebe zum Detail und Respekt vor Ihren Traditionen sp\u00fcren.<\/p>\n<p>Bei Fragen und W\u00fcnschen stehen wir Ihnen gerne zur Verf\u00fcgung.[\/vc_column_text][\/vc_column][vc_column width=&#8220;1\/2&#8243;][vc_single_image image=&#8220;81&#8243; style=&#8220;vc_box_border&#8220; border_color=&#8220;white&#8220; css=&#8220;.vc_custom_1688651734509{background-color: #ffffff !important;}&#8220;][\/vc_column][\/vc_row][vc_row full_width=&#8220;stretch_row&#8220; css=&#8220;.vc_custom_1643110392327{padding-top: 25px !important;background-color: #ffffff !important;}&#8220;][vc_column width=&#8220;1\/2&#8243;][vc_column_text css=&#8220;&#8220;]\n<h2>Gastronomie<\/h2>\n<p>Der sch\u00f6nste Tag Ihres Lebens ganz nach Ihren W\u00fcnschen.<\/p>\n<p>Die Dekorationen, die romantische Atmosph\u00e4re und die Lebensfreude, die vom Schloss ausgeht, schaffen den idealen Rahmen f\u00fcr Ihre Hochzeit.<\/p>\n<p>Das Ch\u00e2teau du-Hameau-Hauger bietet viele M\u00f6glichkeiten, den sch\u00f6nsten Tag Ihres Lebens nach Ihren eigenen W\u00fcnschen zu gestalten.<\/p>\n<p>Ein festliches Essen im Schloss oder im Garten und unter den Linden, eine \u00fcppige Party im Hauptsaal oder ein Empfang auf den Terrassen: Im Ch\u00e2teau du-Hameau-Hauger sind Ihrer Fantasie keine Grenzen gesetzt.<\/p>\n<p>F\u00fcr ein perfekt organisiertes Fest k\u00f6nnen wir Ihnen hervorragende externe Caterer empfehlen, die gerne die vorhandene Einrichtungen nutzen.[\/vc_column_text][\/vc_column][vc_column width=&#8220;1\/2&#8243;][vc_single_image image=&#8220;89&#8243; style=&#8220;vc_box_border&#8220; css=&#8220;.vc_custom_1688651919561{background-color: #ffffff !important;}&#8220;][\/vc_column][\/vc_row][vc_row css=&#8220;.vc_custom_1688651815027{padding-top: 25px !important;}&#8220;][vc_column width=&#8220;1\/2&#8243;][vc_column_text css=&#8220;&#8220;]\n<h2>Hochzeit<\/h2>\n<p>Besonders hervorzuheben ist, dass in dem kleinen Dorf Amfreville sowohl die standesamtliche Trauung und als auch die Trauung in der Kirche begangen werden k\u00f6nnen. Die standesamtliche Trauung kann auch am Strandn\u00e4he oder im Park des Ch\u00e2teau du-Hameau-Hauger stattfinden.<\/p>\n<p>M\u00f6chten Sie eine originelle Zeremonie? Sehr gut, wir helfen Ihnen bei der Vorbereitung und zeigen Ihnen M\u00f6glichkeiten auf, die das Ch\u00e2teau du-Hameau-Hauger bietet.[\/vc_column_text][\/vc_column][vc_column width=&#8220;1\/2&#8243;][vc_single_image image=&#8220;73&#8243; style=&#8220;vc_box_border&#8220; border_color=&#8220;white&#8220; css=&#8220;.vc_custom_1688652003987{background-color: #ffffff !important;}&#8220;][\/vc_column][\/vc_row][vc_row full_width=&#8220;stretch_row&#8220; css=&#8220;.vc_custom_1643110392327{padding-top: 25px !important;background-color: #ffffff !important;}&#8220;][vc_column width=&#8220;1\/2&#8243;][vc_column_text css=&#8220;&#8220;]\n<h2>Ablauf Ihrer Party<\/h2>\n<p><strong>Besser kann eine gemeinsame Zukunft nicht beginnen<\/strong><\/p>\n<p>Die bezaubernde Umgebung, das Ch\u00e2teau du-Hameau-Hauger, der Garten und die exklusive Atmosph\u00e4re sind Vorz\u00fcge f\u00fcr eine Traumhochzeit. Alles ist mit viel Liebe zum Detail perfekt gestaltet und organisiert.<\/p>\n<p><strong>Ihre Hochzeit wird wie keine andere sein<\/strong><\/p>\n<p>Ein Aperitif zur Begr\u00fc\u00dfung der G\u00e4ste, ein toller Cocktail nach der Zeremonie mit Familie und Freunden oder ein Glas Champagner vor dem Abendessen? Sagen Sie uns, was Sie sich vorstellen, und stellen Sie sich vor, Sie w\u00e4ren an einem der vielen Orte, an denen ein Glas Champagner oder Whisky serviert wird. Wir beraten Sie gerne.<\/p>\n<p><strong>Abends<\/strong><\/p>\n<p>F\u00fcr die Abendparty steht Ihnen unser historischer Saal in der stilvollen alten Scheune zur Verf\u00fcgung. Runde Tische, St\u00fchle mit Hussen, Kerzen, ein Blumenmeer mit Blick auf den Garten &#8230; in dieser romantischen Atmosph\u00e4re kann Ihre Hochzeit stattfinden.[\/vc_column_text][\/vc_column][vc_column width=&#8220;1\/2&#8243;][vc_single_image image=&#8220;85&#8243; style=&#8220;vc_box_border&#8220; css=&#8220;.vc_custom_1688652138594{background-color: #ffffff !important;}&#8220;][\/vc_column][\/vc_row][vc_row css=&#8220;.vc_custom_1688651815027{padding-top: 25px !important;}&#8220;][vc_column width=&#8220;1\/2&#8243;][vc_column_text css=&#8220;&#8220;]\n<h2>\u00dcberblick<\/h2>\n<p>Heiraten im Ch\u00e2teau-du-Hameau-Hauger<\/p>\n<p><strong>Einzigartige Sch\u00f6nheit:<\/strong><\/p>\n<ul>\n<li>Feiern mit Buffet oder Men\u00fc eines Catering-Dienstes<\/li>\n<li>Bankettr\u00e4ume f\u00fcr 50-100 Personen<\/li>\n<li>ein gro\u00dfes Zelt im Garten f\u00fcr mehr G\u00e4ste<\/li>\n<li>Hochzeitsnacht im romantischen \u201eDiamond Room\u201c<\/li>\n<li>Hochzeiten \u00e0 la carte<\/li>\n<li>Musik und Unterhaltung \u2013 vom DJ bis zur Band<\/li>\n<li>Friseur- und Kosmetikservice<\/li>\n<li>Fotografieren mit sch\u00f6nen Rahmen<\/li>\n<li>Feuerwerk im Garten<\/li>\n<\/ul>\n<p><strong>Ihr Ansprechpartner:<\/strong><\/p>\n<p>Frau Bernadette Fabre<\/p>\n<p>Tel.: +33 620 699 589 \/ Tel.: +33 977 218 240<\/p>\n<p>E-Mail: <a href=\"mailto:info@chateau-hauger.fr\">info@chateau-hauger.fr<\/a>[\/vc_column_text][\/vc_column][vc_column width=&#8220;1\/2&#8243;][vc_single_image image=&#8220;96&#8243; style=&#8220;vc_box_border&#8220; border_color=&#8220;white&#8220; css=&#8220;.vc_custom_1688652481954{background-color: #ffffff !important;}&#8220;][\/vc_column][\/vc_row]\n<\/div>","protected":false},"excerpt":{"rendered":"<p>[vc_row][vc_column width=&#8220;1\/2&#8243;][vc_column_text css=&#8220;&#8220;] Arrangements Wir werden alles tun, um diesen Tag zu einem Erfolg zu machen. Unvergessliche Hochzeiten feiert das Ch\u00e2teau du-Hameau-Hauger in Amfreville seit mehreren Generationen. Erleben Sie dort in harmonischer Atmosph\u00e4re die festlichsten und bewegendsten Momente Ihrer Familie. Der Blick auf das Meer, die Ruhe bei Sonnenuntergang und die Weite des Gartens bilden&hellip;<\/p>\n","protected":false},"author":2,"featured_media":0,"parent":0,"menu_order":0,"comment_status":"closed","ping_status":"closed","template":"","meta":{"footnotes":""},"class_list":["post-41","page","type-page","status-publish","hentry","entry","no-media"],"yoast_head":"<!-- This site is optimized with the Yoast SEO plugin v27.3 - https:\/\/yoast.com\/product\/yoast-seo-wordpress\/ -->\n<title>Ch\u00e2teau du Hameau Hauger - Hochzeit<\/title>\n<meta name=\"robots\" content=\"index, follow, max-snippet:-1, max-image-preview:large, max-video-preview:-1\" \/>\n<link rel=\"canonical\" href=\"https:\/\/www.chateau-hauger.fr\/de\/hochzeit\/\" \/>\n<meta property=\"og:locale\" content=\"de_DE\" \/>\n<meta property=\"og:type\" content=\"article\" \/>\n<meta property=\"og:title\" content=\"Ch\u00e2teau du Hameau Hauger - Hochzeit\" \/>\n<meta property=\"og:description\" content=\"[vc_row][vc_column width=&#8220;1\/2&#8243;][vc_column_text css=&#8220;&#8220;] Arrangements Wir werden alles tun, um diesen Tag zu einem Erfolg zu machen. Unvergessliche Hochzeiten feiert das Ch\u00e2teau du-Hameau-Hauger in Amfreville seit mehreren Generationen. Erleben Sie dort in harmonischer Atmosph\u00e4re die festlichsten und bewegendsten Momente Ihrer Familie. Der Blick auf das Meer, die Ruhe bei Sonnenuntergang und die Weite des Gartens bilden&hellip;\" \/>\n<meta property=\"og:url\" content=\"https:\/\/www.chateau-hauger.fr\/de\/hochzeit\/\" \/>\n<meta property=\"og:site_name\" content=\"Ch\u00e2teau du Hameau Hauger\" \/>\n<meta property=\"article:modified_time\" content=\"2025-07-07T12:49:20+00:00\" \/>\n<meta property=\"og:image\" content=\"https:\/\/www.chateau-hauger.fr\/wp-content\/uploads\/2025\/07\/fav.png\" \/>\n\t<meta property=\"og:image:width\" content=\"700\" \/>\n\t<meta property=\"og:image:height\" content=\"701\" \/>\n\t<meta property=\"og:image:type\" content=\"image\/png\" \/>\n<meta name=\"twitter:card\" content=\"summary_large_image\" \/>\n<meta name=\"twitter:label1\" content=\"Gesch\u00e4tzte Lesezeit\" \/>\n\t<meta name=\"twitter:data1\" content=\"6\u00a0Minuten\" \/>\n<script type=\"application\/ld+json\" class=\"yoast-schema-graph\">{\"@context\":\"https:\\\/\\\/schema.org\",\"@graph\":[{\"@type\":\"WebPage\",\"@id\":\"https:\\\/\\\/www.chateau-hauger.fr\\\/de\\\/hochzeit\\\/\",\"url\":\"https:\\\/\\\/www.chateau-hauger.fr\\\/de\\\/hochzeit\\\/\",\"name\":\"Ch\u00e2teau du Hameau Hauger - Hochzeit\",\"isPartOf\":{\"@id\":\"https:\\\/\\\/www.chateau-hauger.fr\\\/de\\\/#website\"},\"datePublished\":\"2023-05-24T11:02:19+00:00\",\"dateModified\":\"2025-07-07T12:49:20+00:00\",\"breadcrumb\":{\"@id\":\"https:\\\/\\\/www.chateau-hauger.fr\\\/de\\\/hochzeit\\\/#breadcrumb\"},\"inLanguage\":\"de\",\"potentialAction\":[{\"@type\":\"ReadAction\",\"target\":[\"https:\\\/\\\/www.chateau-hauger.fr\\\/de\\\/hochzeit\\\/\"]}]},{\"@type\":\"BreadcrumbList\",\"@id\":\"https:\\\/\\\/www.chateau-hauger.fr\\\/de\\\/hochzeit\\\/#breadcrumb\",\"itemListElement\":[{\"@type\":\"ListItem\",\"position\":1,\"name\":\"Startseite\",\"item\":\"https:\\\/\\\/www.chateau-hauger.fr\\\/de\\\/\"},{\"@type\":\"ListItem\",\"position\":2,\"name\":\"Hochzeit\"}]},{\"@type\":\"WebSite\",\"@id\":\"https:\\\/\\\/www.chateau-hauger.fr\\\/de\\\/#website\",\"url\":\"https:\\\/\\\/www.chateau-hauger.fr\\\/de\\\/\",\"name\":\"Ch\u00e2teau du Hameau Hauger\",\"description\":\"\",\"publisher\":{\"@id\":\"https:\\\/\\\/www.chateau-hauger.fr\\\/de\\\/#organization\"},\"potentialAction\":[{\"@type\":\"SearchAction\",\"target\":{\"@type\":\"EntryPoint\",\"urlTemplate\":\"https:\\\/\\\/www.chateau-hauger.fr\\\/de\\\/?s={search_term_string}\"},\"query-input\":{\"@type\":\"PropertyValueSpecification\",\"valueRequired\":true,\"valueName\":\"search_term_string\"}}],\"inLanguage\":\"de\"},{\"@type\":\"Organization\",\"@id\":\"https:\\\/\\\/www.chateau-hauger.fr\\\/de\\\/#organization\",\"name\":\"Ch\u00e2teau du Hameau Hauger\",\"url\":\"https:\\\/\\\/www.chateau-hauger.fr\\\/de\\\/\",\"logo\":{\"@type\":\"ImageObject\",\"inLanguage\":\"de\",\"@id\":\"https:\\\/\\\/www.chateau-hauger.fr\\\/de\\\/#\\\/schema\\\/logo\\\/image\\\/\",\"url\":\"https:\\\/\\\/www.chateau-hauger.fr\\\/wp-content\\\/uploads\\\/2025\\\/07\\\/fav.png\",\"contentUrl\":\"https:\\\/\\\/www.chateau-hauger.fr\\\/wp-content\\\/uploads\\\/2025\\\/07\\\/fav.png\",\"width\":700,\"height\":701,\"caption\":\"Ch\u00e2teau du Hameau Hauger\"},\"image\":{\"@id\":\"https:\\\/\\\/www.chateau-hauger.fr\\\/de\\\/#\\\/schema\\\/logo\\\/image\\\/\"}}]}<\/script>\n<!-- \/ Yoast SEO plugin. -->","yoast_head_json":{"title":"Ch\u00e2teau du Hameau Hauger - Hochzeit","robots":{"index":"index","follow":"follow","max-snippet":"max-snippet:-1","max-image-preview":"max-image-preview:large","max-video-preview":"max-video-preview:-1"},"canonical":"https:\/\/www.chateau-hauger.fr\/de\/hochzeit\/","og_locale":"de_DE","og_type":"article","og_title":"Ch\u00e2teau du Hameau Hauger - Hochzeit","og_description":"[vc_row][vc_column width=&#8220;1\/2&#8243;][vc_column_text css=&#8220;&#8220;] Arrangements Wir werden alles tun, um diesen Tag zu einem Erfolg zu machen. Unvergessliche Hochzeiten feiert das Ch\u00e2teau du-Hameau-Hauger in Amfreville seit mehreren Generationen. Erleben Sie dort in harmonischer Atmosph\u00e4re die festlichsten und bewegendsten Momente Ihrer Familie. Der Blick auf das Meer, die Ruhe bei Sonnenuntergang und die Weite des Gartens bilden&hellip;","og_url":"https:\/\/www.chateau-hauger.fr\/de\/hochzeit\/","og_site_name":"Ch\u00e2teau du Hameau Hauger","article_modified_time":"2025-07-07T12:49:20+00:00","og_image":[{"width":700,"height":701,"url":"https:\/\/www.chateau-hauger.fr\/wp-content\/uploads\/2025\/07\/fav.png","type":"image\/png"}],"twitter_card":"summary_large_image","twitter_misc":{"Gesch\u00e4tzte Lesezeit":"6\u00a0Minuten"},"schema":{"@context":"https:\/\/schema.org","@graph":[{"@type":"WebPage","@id":"https:\/\/www.chateau-hauger.fr\/de\/hochzeit\/","url":"https:\/\/www.chateau-hauger.fr\/de\/hochzeit\/","name":"Ch\u00e2teau du Hameau Hauger - Hochzeit","isPartOf":{"@id":"https:\/\/www.chateau-hauger.fr\/de\/#website"},"datePublished":"2023-05-24T11:02:19+00:00","dateModified":"2025-07-07T12:49:20+00:00","breadcrumb":{"@id":"https:\/\/www.chateau-hauger.fr\/de\/hochzeit\/#breadcrumb"},"inLanguage":"de","potentialAction":[{"@type":"ReadAction","target":["https:\/\/www.chateau-hauger.fr\/de\/hochzeit\/"]}]},{"@type":"BreadcrumbList","@id":"https:\/\/www.chateau-hauger.fr\/de\/hochzeit\/#breadcrumb","itemListElement":[{"@type":"ListItem","position":1,"name":"Startseite","item":"https:\/\/www.chateau-hauger.fr\/de\/"},{"@type":"ListItem","position":2,"name":"Hochzeit"}]},{"@type":"WebSite","@id":"https:\/\/www.chateau-hauger.fr\/de\/#website","url":"https:\/\/www.chateau-hauger.fr\/de\/","name":"Ch\u00e2teau du Hameau Hauger","description":"","publisher":{"@id":"https:\/\/www.chateau-hauger.fr\/de\/#organization"},"potentialAction":[{"@type":"SearchAction","target":{"@type":"EntryPoint","urlTemplate":"https:\/\/www.chateau-hauger.fr\/de\/?s={search_term_string}"},"query-input":{"@type":"PropertyValueSpecification","valueRequired":true,"valueName":"search_term_string"}}],"inLanguage":"de"},{"@type":"Organization","@id":"https:\/\/www.chateau-hauger.fr\/de\/#organization","name":"Ch\u00e2teau du Hameau Hauger","url":"https:\/\/www.chateau-hauger.fr\/de\/","logo":{"@type":"ImageObject","inLanguage":"de","@id":"https:\/\/www.chateau-hauger.fr\/de\/#\/schema\/logo\/image\/","url":"https:\/\/www.chateau-hauger.fr\/wp-content\/uploads\/2025\/07\/fav.png","contentUrl":"https:\/\/www.chateau-hauger.fr\/wp-content\/uploads\/2025\/07\/fav.png","width":700,"height":701,"caption":"Ch\u00e2teau du Hameau Hauger"},"image":{"@id":"https:\/\/www.chateau-hauger.fr\/de\/#\/schema\/logo\/image\/"}}]}},"_links":{"self":[{"href":"https:\/\/www.chateau-hauger.fr\/de\/wp-json\/wp\/v2\/pages\/41","targetHints":{"allow":["GET"]}}],"collection":[{"href":"https:\/\/www.chateau-hauger.fr\/de\/wp-json\/wp\/v2\/pages"}],"about":[{"href":"https:\/\/www.chateau-hauger.fr\/de\/wp-json\/wp\/v2\/types\/page"}],"author":[{"embeddable":true,"href":"https:\/\/www.chateau-hauger.fr\/de\/wp-json\/wp\/v2\/users\/2"}],"replies":[{"embeddable":true,"href":"https:\/\/www.chateau-hauger.fr\/de\/wp-json\/wp\/v2\/comments?post=41"}],"version-history":[{"count":27,"href":"https:\/\/www.chateau-hauger.fr\/de\/wp-json\/wp\/v2\/pages\/41\/revisions"}],"predecessor-version":[{"id":491,"href":"https:\/\/www.chateau-hauger.fr\/de\/wp-json\/wp\/v2\/pages\/41\/revisions\/491"}],"wp:attachment":[{"href":"https:\/\/www.chateau-hauger.fr\/de\/wp-json\/wp\/v2\/media?parent=41"}],"curies":[{"name":"wp","href":"https:\/\/api.w.org\/{rel}","templated":true}]}}