{"id":22,"date":"2023-04-21T14:21:07","date_gmt":"2023-04-21T14:21:07","guid":{"rendered":"https:\/\/www.chateau-hauger.fr\/?page_id=22"},"modified":"2025-08-06T07:11:18","modified_gmt":"2025-08-06T07:11:18","slug":"impressum","status":"publish","type":"page","link":"https:\/\/www.chateau-hauger.fr\/de\/impressum\/","title":{"rendered":"Impressum"},"content":{"rendered":"<div style=\"word-wrap: break-word;\"><h1>Impressum<\/h1>\n\n<p>Dr. Bernadette Fabre<br \/>\nCh&acirc;teau du Hameau Hauger SAS<br \/>\r\n<br \/>\r\nPr&auml;sident: Dr. Gunnar Tietze<br \/>\r\nSiret: 80410210100016<br \/>\n1 rue Oger<br \/>\nF-14860 Amfreville \/ Calvados<\/p>\n\n<h2>Kontakt<\/h2>\n<p>Telefon: +33 977 218 240<br \/>\nE-Mail: info@chateau-hauger.fr<\/p>\n\n<h2>Umsatzsteuer-ID<\/h2>\n<p>Umsatzsteuer-Identifikationsnummer gem&auml;&szlig; &sect; 27 a Umsatzsteuergesetz:<br \/>\nFR26804102101<\/p>\n\n<h2>Redaktionell verantwortlich<\/h2>\n<p>Dr. Bernadette Fabre<br \/>\r\n1 rue Oger<br \/>\r\nF-14860 Amfreville \/ Calvados<\/p>\n\n<h2>Verbraucher&shy;streit&shy;beilegung\/Universal&shy;schlichtungs&shy;stelle<\/h2>\n<p>Wir sind nicht bereit oder verpflichtet, an Streitbeilegungsverfahren vor einer Verbraucherschlichtungsstelle teilzunehmen.<\/p><\/div>\n<p>Fotos: \u00a9Tietze<\/p>\n<p><strong>Rechtlicher Hinweis:<\/strong><\/p>\n<p>Wir haften nicht f\u00fcr die Inhalte, die Sie durch Links zu Seiten Dritter erreichen. Daf\u00fcr sind deren Eigent\u00fcmer verantwortlich. Auch wenn wir ein Drittunternehmen empfiehlen, bedeutet dies nicht, dass eine rechtliche oder wirtschaftliche Verbindung zu uns besteht.<\/p>\n<p>Wir bitten um Verst\u00e4ndnis, dass wir keine Garantie f\u00fcr Richtigkeit und Aktualit\u00e4t der Inhalte \u00fcbernehmen. Dies gilt insbesondere f\u00fcr Links zu anderen Websites. Alle Angaben und Preise k\u00f6nnen ohne Ank\u00fcndigung erg\u00e4nzt, ver\u00e4ndert oder gel\u00f6scht werden.<\/p>\n<p>Alle auf dieser Website erw\u00e4hnte Produktnamen, Beschreibungen und Logos sind ggflls. eingetragene Warenzeichen ihrer jeweiligen Eigent\u00fcmer, auch wenn dies nicht gesondert hervorgehoben ist.<\/p>\n<p><strong>Hosting-Provider \/ H\u00e9bergeur \/ Hosting Provider<\/strong><br \/>\nInterNetX GmbH<br \/>\nJohanna-Dachs-Str. 55<br \/>\n93055 Regensburg<br \/>\nDeutschland \/ Allemagne \/ Germany<br \/>\nTelefon \/ T\u00e9l\u00e9phone \/ Phone: +49\u202f941\u202f59559-0<br \/>\nE-Mail: <a href=\"mailto:info@internetx.com\">info@internetx.com<\/a><br \/>\nWebsite: <a href=\"https:\/\/www.internetx.com\" target=\"_blank\" rel=\"noopener\">www.internetx.com<\/a><\/p>\n<p><strong>Konzeption, Design und technische Umsetzung \/ Conception, design et r\u00e9alisation technique \/ Concept, design and technical implementation<\/strong><br \/>\nbr\u00fcnger.media<br \/>\nZur Russeer Au 19<br \/>\n24111 Kiel<br \/>\nDeutschland \/ Allemagne \/ Germany<br \/>\nTelefon \/ T\u00e9l\u00e9phone \/ Phone: +49\u202f4312406070<br \/>\nE-Mail: <a href=\"mailto:info@bruenger-media.de\">info@bruenger-media.de<\/a><br \/>\nWebsite: <a href=\"https:\/\/www.bruenger-media.de\" target=\"_blank\" rel=\"noopener\">www.bruenger-media.de<\/a><\/p>\n","protected":false},"excerpt":{"rendered":"<p>Fotos: \u00a9Tietze Rechtlicher Hinweis: Wir haften nicht f\u00fcr die Inhalte, die Sie durch Links zu Seiten Dritter erreichen. Daf\u00fcr sind deren Eigent\u00fcmer verantwortlich. Auch wenn wir ein Drittunternehmen empfiehlen, bedeutet dies nicht, dass eine rechtliche oder wirtschaftliche Verbindung zu uns besteht. Wir bitten um Verst\u00e4ndnis, dass wir keine Garantie f\u00fcr Richtigkeit und Aktualit\u00e4t der Inhalte&hellip;<\/p>\n","protected":false},"author":1,"featured_media":0,"parent":0,"menu_order":0,"comment_status":"closed","ping_status":"closed","template":"","meta":{"footnotes":""},"class_list":["post-22","page","type-page","status-publish","hentry","entry","no-media"],"yoast_head":"<!-- This site is optimized with the Yoast SEO plugin v27.4 - https:\/\/yoast.com\/product\/yoast-seo-wordpress\/ -->\n<title>Ch\u00e2teau du Hameau Hauger - Impressum<\/title>\n<meta name=\"robots\" content=\"index, follow, max-snippet:-1, max-image-preview:large, max-video-preview:-1\" \/>\n<link rel=\"canonical\" href=\"https:\/\/www.chateau-hauger.fr\/de\/impressum\/\" \/>\n<meta property=\"og:locale\" content=\"de_DE\" \/>\n<meta property=\"og:type\" content=\"article\" \/>\n<meta property=\"og:title\" content=\"Ch\u00e2teau du Hameau Hauger - Impressum\" \/>\n<meta property=\"og:description\" content=\"Fotos: \u00a9Tietze Rechtlicher Hinweis: Wir haften nicht f\u00fcr die Inhalte, die Sie durch Links zu Seiten Dritter erreichen. Daf\u00fcr sind deren Eigent\u00fcmer verantwortlich. Auch wenn wir ein Drittunternehmen empfiehlen, bedeutet dies nicht, dass eine rechtliche oder wirtschaftliche Verbindung zu uns besteht. Wir bitten um Verst\u00e4ndnis, dass wir keine Garantie f\u00fcr Richtigkeit und Aktualit\u00e4t der Inhalte&hellip;\" \/>\n<meta property=\"og:url\" content=\"https:\/\/www.chateau-hauger.fr\/de\/impressum\/\" \/>\n<meta property=\"og:site_name\" content=\"Ch\u00e2teau du Hameau Hauger\" \/>\n<meta property=\"article:modified_time\" content=\"2025-08-06T07:11:18+00:00\" \/>\n<meta property=\"og:image\" content=\"https:\/\/www.chateau-hauger.fr\/wp-content\/uploads\/2025\/07\/fav.png\" \/>\n\t<meta property=\"og:image:width\" content=\"700\" \/>\n\t<meta property=\"og:image:height\" content=\"701\" \/>\n\t<meta property=\"og:image:type\" content=\"image\/png\" \/>\n<meta name=\"twitter:card\" content=\"summary_large_image\" \/>\n<meta name=\"twitter:label1\" content=\"Gesch\u00e4tzte Lesezeit\" \/>\n\t<meta name=\"twitter:data1\" content=\"1\u00a0Minute\" \/>\n<script type=\"application\/ld+json\" class=\"yoast-schema-graph\">{\"@context\":\"https:\\\/\\\/schema.org\",\"@graph\":[{\"@type\":\"WebPage\",\"@id\":\"https:\\\/\\\/www.chateau-hauger.fr\\\/de\\\/impressum\\\/\",\"url\":\"https:\\\/\\\/www.chateau-hauger.fr\\\/de\\\/impressum\\\/\",\"name\":\"Ch\u00e2teau du Hameau Hauger - Impressum\",\"isPartOf\":{\"@id\":\"https:\\\/\\\/www.chateau-hauger.fr\\\/de\\\/#website\"},\"datePublished\":\"2023-04-21T14:21:07+00:00\",\"dateModified\":\"2025-08-06T07:11:18+00:00\",\"breadcrumb\":{\"@id\":\"https:\\\/\\\/www.chateau-hauger.fr\\\/de\\\/impressum\\\/#breadcrumb\"},\"inLanguage\":\"de\",\"potentialAction\":[{\"@type\":\"ReadAction\",\"target\":[\"https:\\\/\\\/www.chateau-hauger.fr\\\/de\\\/impressum\\\/\"]}]},{\"@type\":\"BreadcrumbList\",\"@id\":\"https:\\\/\\\/www.chateau-hauger.fr\\\/de\\\/impressum\\\/#breadcrumb\",\"itemListElement\":[{\"@type\":\"ListItem\",\"position\":1,\"name\":\"Startseite\",\"item\":\"https:\\\/\\\/www.chateau-hauger.fr\\\/de\\\/\"},{\"@type\":\"ListItem\",\"position\":2,\"name\":\"Impressum\"}]},{\"@type\":\"WebSite\",\"@id\":\"https:\\\/\\\/www.chateau-hauger.fr\\\/de\\\/#website\",\"url\":\"https:\\\/\\\/www.chateau-hauger.fr\\\/de\\\/\",\"name\":\"Ch\u00e2teau du Hameau Hauger\",\"description\":\"\",\"publisher\":{\"@id\":\"https:\\\/\\\/www.chateau-hauger.fr\\\/de\\\/#organization\"},\"potentialAction\":[{\"@type\":\"SearchAction\",\"target\":{\"@type\":\"EntryPoint\",\"urlTemplate\":\"https:\\\/\\\/www.chateau-hauger.fr\\\/de\\\/?s={search_term_string}\"},\"query-input\":{\"@type\":\"PropertyValueSpecification\",\"valueRequired\":true,\"valueName\":\"search_term_string\"}}],\"inLanguage\":\"de\"},{\"@type\":\"Organization\",\"@id\":\"https:\\\/\\\/www.chateau-hauger.fr\\\/de\\\/#organization\",\"name\":\"Ch\u00e2teau du Hameau Hauger\",\"url\":\"https:\\\/\\\/www.chateau-hauger.fr\\\/de\\\/\",\"logo\":{\"@type\":\"ImageObject\",\"inLanguage\":\"de\",\"@id\":\"https:\\\/\\\/www.chateau-hauger.fr\\\/de\\\/#\\\/schema\\\/logo\\\/image\\\/\",\"url\":\"https:\\\/\\\/www.chateau-hauger.fr\\\/wp-content\\\/uploads\\\/2025\\\/07\\\/fav.png\",\"contentUrl\":\"https:\\\/\\\/www.chateau-hauger.fr\\\/wp-content\\\/uploads\\\/2025\\\/07\\\/fav.png\",\"width\":700,\"height\":701,\"caption\":\"Ch\u00e2teau du Hameau Hauger\"},\"image\":{\"@id\":\"https:\\\/\\\/www.chateau-hauger.fr\\\/de\\\/#\\\/schema\\\/logo\\\/image\\\/\"}}]}<\/script>\n<!-- \/ Yoast SEO plugin. -->","yoast_head_json":{"title":"Ch\u00e2teau du Hameau Hauger - Impressum","robots":{"index":"index","follow":"follow","max-snippet":"max-snippet:-1","max-image-preview":"max-image-preview:large","max-video-preview":"max-video-preview:-1"},"canonical":"https:\/\/www.chateau-hauger.fr\/de\/impressum\/","og_locale":"de_DE","og_type":"article","og_title":"Ch\u00e2teau du Hameau Hauger - Impressum","og_description":"Fotos: \u00a9Tietze Rechtlicher Hinweis: Wir haften nicht f\u00fcr die Inhalte, die Sie durch Links zu Seiten Dritter erreichen. Daf\u00fcr sind deren Eigent\u00fcmer verantwortlich. Auch wenn wir ein Drittunternehmen empfiehlen, bedeutet dies nicht, dass eine rechtliche oder wirtschaftliche Verbindung zu uns besteht. Wir bitten um Verst\u00e4ndnis, dass wir keine Garantie f\u00fcr Richtigkeit und Aktualit\u00e4t der Inhalte&hellip;","og_url":"https:\/\/www.chateau-hauger.fr\/de\/impressum\/","og_site_name":"Ch\u00e2teau du Hameau Hauger","article_modified_time":"2025-08-06T07:11:18+00:00","og_image":[{"width":700,"height":701,"url":"https:\/\/www.chateau-hauger.fr\/wp-content\/uploads\/2025\/07\/fav.png","type":"image\/png"}],"twitter_card":"summary_large_image","twitter_misc":{"Gesch\u00e4tzte Lesezeit":"1\u00a0Minute"},"schema":{"@context":"https:\/\/schema.org","@graph":[{"@type":"WebPage","@id":"https:\/\/www.chateau-hauger.fr\/de\/impressum\/","url":"https:\/\/www.chateau-hauger.fr\/de\/impressum\/","name":"Ch\u00e2teau du Hameau Hauger - Impressum","isPartOf":{"@id":"https:\/\/www.chateau-hauger.fr\/de\/#website"},"datePublished":"2023-04-21T14:21:07+00:00","dateModified":"2025-08-06T07:11:18+00:00","breadcrumb":{"@id":"https:\/\/www.chateau-hauger.fr\/de\/impressum\/#breadcrumb"},"inLanguage":"de","potentialAction":[{"@type":"ReadAction","target":["https:\/\/www.chateau-hauger.fr\/de\/impressum\/"]}]},{"@type":"BreadcrumbList","@id":"https:\/\/www.chateau-hauger.fr\/de\/impressum\/#breadcrumb","itemListElement":[{"@type":"ListItem","position":1,"name":"Startseite","item":"https:\/\/www.chateau-hauger.fr\/de\/"},{"@type":"ListItem","position":2,"name":"Impressum"}]},{"@type":"WebSite","@id":"https:\/\/www.chateau-hauger.fr\/de\/#website","url":"https:\/\/www.chateau-hauger.fr\/de\/","name":"Ch\u00e2teau du Hameau Hauger","description":"","publisher":{"@id":"https:\/\/www.chateau-hauger.fr\/de\/#organization"},"potentialAction":[{"@type":"SearchAction","target":{"@type":"EntryPoint","urlTemplate":"https:\/\/www.chateau-hauger.fr\/de\/?s={search_term_string}"},"query-input":{"@type":"PropertyValueSpecification","valueRequired":true,"valueName":"search_term_string"}}],"inLanguage":"de"},{"@type":"Organization","@id":"https:\/\/www.chateau-hauger.fr\/de\/#organization","name":"Ch\u00e2teau du Hameau Hauger","url":"https:\/\/www.chateau-hauger.fr\/de\/","logo":{"@type":"ImageObject","inLanguage":"de","@id":"https:\/\/www.chateau-hauger.fr\/de\/#\/schema\/logo\/image\/","url":"https:\/\/www.chateau-hauger.fr\/wp-content\/uploads\/2025\/07\/fav.png","contentUrl":"https:\/\/www.chateau-hauger.fr\/wp-content\/uploads\/2025\/07\/fav.png","width":700,"height":701,"caption":"Ch\u00e2teau du Hameau Hauger"},"image":{"@id":"https:\/\/www.chateau-hauger.fr\/de\/#\/schema\/logo\/image\/"}}]}},"_links":{"self":[{"href":"https:\/\/www.chateau-hauger.fr\/de\/wp-json\/wp\/v2\/pages\/22","targetHints":{"allow":["GET"]}}],"collection":[{"href":"https:\/\/www.chateau-hauger.fr\/de\/wp-json\/wp\/v2\/pages"}],"about":[{"href":"https:\/\/www.chateau-hauger.fr\/de\/wp-json\/wp\/v2\/types\/page"}],"author":[{"embeddable":true,"href":"https:\/\/www.chateau-hauger.fr\/de\/wp-json\/wp\/v2\/users\/1"}],"replies":[{"embeddable":true,"href":"https:\/\/www.chateau-hauger.fr\/de\/wp-json\/wp\/v2\/comments?post=22"}],"version-history":[{"count":6,"href":"https:\/\/www.chateau-hauger.fr\/de\/wp-json\/wp\/v2\/pages\/22\/revisions"}],"predecessor-version":[{"id":715,"href":"https:\/\/www.chateau-hauger.fr\/de\/wp-json\/wp\/v2\/pages\/22\/revisions\/715"}],"wp:attachment":[{"href":"https:\/\/www.chateau-hauger.fr\/de\/wp-json\/wp\/v2\/media?parent=22"}],"curies":[{"name":"wp","href":"https:\/\/api.w.org\/{rel}","templated":true}]}}