{"id":164,"date":"2023-07-10T11:46:18","date_gmt":"2023-07-10T11:46:18","guid":{"rendered":"https:\/\/www.chateau-hauger.fr\/?page_id=164"},"modified":"2025-07-07T09:19:36","modified_gmt":"2025-07-07T09:19:36","slug":"familienfeiern","status":"publish","type":"page","link":"https:\/\/www.chateau-hauger.fr\/de\/familienfeiern\/","title":{"rendered":"Familienfeiern"},"content":{"rendered":"<div class=\"wpb-content-wrapper\">[vc_row][vc_column width=&#8220;1\/2&#8243;][vc_column_text css=&#8220;&#8220;]\n<h1>Familienfeiern im Ch\u00e2teau-Hameau-Hauger<\/h1>\n<p>Hier im Ch\u00e2teau-Hameau-Hauger finden Sie alles, was Sie f\u00fcr Feiern mit Ihren Lieben brauchen, und jede Menge Stil.<\/p>\n<p>Und genauso wichtig wie der Ort: Eine perfekte Organisation, abgestimmt auf Ihre W\u00fcnsche, garantiert ein unvergessliches Fest. Schon vorab freuen wir uns auf Ihren Besuch.[\/vc_column_text][\/vc_column][vc_column width=&#8220;1\/2&#8243;][vc_single_image image=&#8220;170&#8243; style=&#8220;vc_box_border&#8220; border_color=&#8220;white&#8220; css=&#8220;.vc_custom_1688989825925{background-color: #ffffff !important;}&#8220;][\/vc_column][\/vc_row]\n<\/div>","protected":false},"excerpt":{"rendered":"<p>[vc_row][vc_column width=&#8220;1\/2&#8243;][vc_column_text css=&#8220;&#8220;] Familienfeiern im Ch\u00e2teau-Hameau-Hauger Hier im Ch\u00e2teau-Hameau-Hauger finden Sie alles, was Sie f\u00fcr Feiern mit Ihren Lieben brauchen, und jede Menge Stil. Und genauso wichtig wie der Ort: Eine perfekte Organisation, abgestimmt auf Ihre W\u00fcnsche, garantiert ein unvergessliches Fest. Schon vorab freuen wir uns auf Ihren Besuch.[\/vc_column_text][\/vc_column][vc_column width=&#8220;1\/2&#8243;][vc_single_image image=&#8220;170&#8243; style=&#8220;vc_box_border&#8220; border_color=&#8220;white&#8220; css=&#8220;.vc_custom_1688989825925{background-color: #ffffff&hellip;<\/p>\n","protected":false},"author":2,"featured_media":0,"parent":0,"menu_order":0,"comment_status":"closed","ping_status":"closed","template":"","meta":{"footnotes":""},"class_list":["post-164","page","type-page","status-publish","hentry","entry","no-media"],"yoast_head":"<!-- This site is optimized with the Yoast SEO plugin v27.4 - https:\/\/yoast.com\/product\/yoast-seo-wordpress\/ -->\n<title>Ch\u00e2teau du Hameau Hauger - Familienfeiern<\/title>\n<meta name=\"robots\" content=\"index, follow, max-snippet:-1, max-image-preview:large, max-video-preview:-1\" \/>\n<link rel=\"canonical\" href=\"https:\/\/www.chateau-hauger.fr\/de\/familienfeiern\/\" \/>\n<meta property=\"og:locale\" content=\"de_DE\" \/>\n<meta property=\"og:type\" content=\"article\" \/>\n<meta property=\"og:title\" content=\"Ch\u00e2teau du Hameau Hauger - Familienfeiern\" \/>\n<meta property=\"og:description\" content=\"[vc_row][vc_column width=&#8220;1\/2&#8243;][vc_column_text css=&#8220;&#8220;] Familienfeiern im Ch\u00e2teau-Hameau-Hauger Hier im Ch\u00e2teau-Hameau-Hauger finden Sie alles, was Sie f\u00fcr Feiern mit Ihren Lieben brauchen, und jede Menge Stil. Und genauso wichtig wie der Ort: Eine perfekte Organisation, abgestimmt auf Ihre W\u00fcnsche, garantiert ein unvergessliches Fest. Schon vorab freuen wir uns auf Ihren Besuch.[\/vc_column_text][\/vc_column][vc_column width=&#8220;1\/2&#8243;][vc_single_image image=&#8220;170&#8243; style=&#8220;vc_box_border&#8220; border_color=&#8220;white&#8220; css=&#8220;.vc_custom_1688989825925{background-color: #ffffff&hellip;\" \/>\n<meta property=\"og:url\" content=\"https:\/\/www.chateau-hauger.fr\/de\/familienfeiern\/\" \/>\n<meta property=\"og:site_name\" content=\"Ch\u00e2teau du Hameau Hauger\" \/>\n<meta property=\"article:modified_time\" content=\"2025-07-07T09:19:36+00:00\" \/>\n<meta property=\"og:image\" content=\"https:\/\/www.chateau-hauger.fr\/wp-content\/uploads\/2025\/07\/fav.png\" \/>\n\t<meta property=\"og:image:width\" content=\"700\" \/>\n\t<meta property=\"og:image:height\" content=\"701\" \/>\n\t<meta property=\"og:image:type\" content=\"image\/png\" \/>\n<meta name=\"twitter:card\" content=\"summary_large_image\" \/>\n<meta name=\"twitter:label1\" content=\"Gesch\u00e4tzte Lesezeit\" \/>\n\t<meta name=\"twitter:data1\" content=\"1\u00a0Minute\" \/>\n<script type=\"application\/ld+json\" class=\"yoast-schema-graph\">{\"@context\":\"https:\\\/\\\/schema.org\",\"@graph\":[{\"@type\":\"WebPage\",\"@id\":\"https:\\\/\\\/www.chateau-hauger.fr\\\/de\\\/familienfeiern\\\/\",\"url\":\"https:\\\/\\\/www.chateau-hauger.fr\\\/de\\\/familienfeiern\\\/\",\"name\":\"Ch\u00e2teau du Hameau Hauger - Familienfeiern\",\"isPartOf\":{\"@id\":\"https:\\\/\\\/www.chateau-hauger.fr\\\/de\\\/#website\"},\"datePublished\":\"2023-07-10T11:46:18+00:00\",\"dateModified\":\"2025-07-07T09:19:36+00:00\",\"breadcrumb\":{\"@id\":\"https:\\\/\\\/www.chateau-hauger.fr\\\/de\\\/familienfeiern\\\/#breadcrumb\"},\"inLanguage\":\"de\",\"potentialAction\":[{\"@type\":\"ReadAction\",\"target\":[\"https:\\\/\\\/www.chateau-hauger.fr\\\/de\\\/familienfeiern\\\/\"]}]},{\"@type\":\"BreadcrumbList\",\"@id\":\"https:\\\/\\\/www.chateau-hauger.fr\\\/de\\\/familienfeiern\\\/#breadcrumb\",\"itemListElement\":[{\"@type\":\"ListItem\",\"position\":1,\"name\":\"Startseite\",\"item\":\"https:\\\/\\\/www.chateau-hauger.fr\\\/de\\\/\"},{\"@type\":\"ListItem\",\"position\":2,\"name\":\"Familienfeiern\"}]},{\"@type\":\"WebSite\",\"@id\":\"https:\\\/\\\/www.chateau-hauger.fr\\\/de\\\/#website\",\"url\":\"https:\\\/\\\/www.chateau-hauger.fr\\\/de\\\/\",\"name\":\"Ch\u00e2teau du Hameau Hauger\",\"description\":\"\",\"publisher\":{\"@id\":\"https:\\\/\\\/www.chateau-hauger.fr\\\/de\\\/#organization\"},\"potentialAction\":[{\"@type\":\"SearchAction\",\"target\":{\"@type\":\"EntryPoint\",\"urlTemplate\":\"https:\\\/\\\/www.chateau-hauger.fr\\\/de\\\/?s={search_term_string}\"},\"query-input\":{\"@type\":\"PropertyValueSpecification\",\"valueRequired\":true,\"valueName\":\"search_term_string\"}}],\"inLanguage\":\"de\"},{\"@type\":\"Organization\",\"@id\":\"https:\\\/\\\/www.chateau-hauger.fr\\\/de\\\/#organization\",\"name\":\"Ch\u00e2teau du Hameau Hauger\",\"url\":\"https:\\\/\\\/www.chateau-hauger.fr\\\/de\\\/\",\"logo\":{\"@type\":\"ImageObject\",\"inLanguage\":\"de\",\"@id\":\"https:\\\/\\\/www.chateau-hauger.fr\\\/de\\\/#\\\/schema\\\/logo\\\/image\\\/\",\"url\":\"https:\\\/\\\/www.chateau-hauger.fr\\\/wp-content\\\/uploads\\\/2025\\\/07\\\/fav.png\",\"contentUrl\":\"https:\\\/\\\/www.chateau-hauger.fr\\\/wp-content\\\/uploads\\\/2025\\\/07\\\/fav.png\",\"width\":700,\"height\":701,\"caption\":\"Ch\u00e2teau du Hameau Hauger\"},\"image\":{\"@id\":\"https:\\\/\\\/www.chateau-hauger.fr\\\/de\\\/#\\\/schema\\\/logo\\\/image\\\/\"}}]}<\/script>\n<!-- \/ Yoast SEO plugin. -->","yoast_head_json":{"title":"Ch\u00e2teau du Hameau Hauger - Familienfeiern","robots":{"index":"index","follow":"follow","max-snippet":"max-snippet:-1","max-image-preview":"max-image-preview:large","max-video-preview":"max-video-preview:-1"},"canonical":"https:\/\/www.chateau-hauger.fr\/de\/familienfeiern\/","og_locale":"de_DE","og_type":"article","og_title":"Ch\u00e2teau du Hameau Hauger - Familienfeiern","og_description":"[vc_row][vc_column width=&#8220;1\/2&#8243;][vc_column_text css=&#8220;&#8220;] Familienfeiern im Ch\u00e2teau-Hameau-Hauger Hier im Ch\u00e2teau-Hameau-Hauger finden Sie alles, was Sie f\u00fcr Feiern mit Ihren Lieben brauchen, und jede Menge Stil. Und genauso wichtig wie der Ort: Eine perfekte Organisation, abgestimmt auf Ihre W\u00fcnsche, garantiert ein unvergessliches Fest. Schon vorab freuen wir uns auf Ihren Besuch.[\/vc_column_text][\/vc_column][vc_column width=&#8220;1\/2&#8243;][vc_single_image image=&#8220;170&#8243; style=&#8220;vc_box_border&#8220; border_color=&#8220;white&#8220; css=&#8220;.vc_custom_1688989825925{background-color: #ffffff&hellip;","og_url":"https:\/\/www.chateau-hauger.fr\/de\/familienfeiern\/","og_site_name":"Ch\u00e2teau du Hameau Hauger","article_modified_time":"2025-07-07T09:19:36+00:00","og_image":[{"width":700,"height":701,"url":"https:\/\/www.chateau-hauger.fr\/wp-content\/uploads\/2025\/07\/fav.png","type":"image\/png"}],"twitter_card":"summary_large_image","twitter_misc":{"Gesch\u00e4tzte Lesezeit":"1\u00a0Minute"},"schema":{"@context":"https:\/\/schema.org","@graph":[{"@type":"WebPage","@id":"https:\/\/www.chateau-hauger.fr\/de\/familienfeiern\/","url":"https:\/\/www.chateau-hauger.fr\/de\/familienfeiern\/","name":"Ch\u00e2teau du Hameau Hauger - Familienfeiern","isPartOf":{"@id":"https:\/\/www.chateau-hauger.fr\/de\/#website"},"datePublished":"2023-07-10T11:46:18+00:00","dateModified":"2025-07-07T09:19:36+00:00","breadcrumb":{"@id":"https:\/\/www.chateau-hauger.fr\/de\/familienfeiern\/#breadcrumb"},"inLanguage":"de","potentialAction":[{"@type":"ReadAction","target":["https:\/\/www.chateau-hauger.fr\/de\/familienfeiern\/"]}]},{"@type":"BreadcrumbList","@id":"https:\/\/www.chateau-hauger.fr\/de\/familienfeiern\/#breadcrumb","itemListElement":[{"@type":"ListItem","position":1,"name":"Startseite","item":"https:\/\/www.chateau-hauger.fr\/de\/"},{"@type":"ListItem","position":2,"name":"Familienfeiern"}]},{"@type":"WebSite","@id":"https:\/\/www.chateau-hauger.fr\/de\/#website","url":"https:\/\/www.chateau-hauger.fr\/de\/","name":"Ch\u00e2teau du Hameau Hauger","description":"","publisher":{"@id":"https:\/\/www.chateau-hauger.fr\/de\/#organization"},"potentialAction":[{"@type":"SearchAction","target":{"@type":"EntryPoint","urlTemplate":"https:\/\/www.chateau-hauger.fr\/de\/?s={search_term_string}"},"query-input":{"@type":"PropertyValueSpecification","valueRequired":true,"valueName":"search_term_string"}}],"inLanguage":"de"},{"@type":"Organization","@id":"https:\/\/www.chateau-hauger.fr\/de\/#organization","name":"Ch\u00e2teau du Hameau Hauger","url":"https:\/\/www.chateau-hauger.fr\/de\/","logo":{"@type":"ImageObject","inLanguage":"de","@id":"https:\/\/www.chateau-hauger.fr\/de\/#\/schema\/logo\/image\/","url":"https:\/\/www.chateau-hauger.fr\/wp-content\/uploads\/2025\/07\/fav.png","contentUrl":"https:\/\/www.chateau-hauger.fr\/wp-content\/uploads\/2025\/07\/fav.png","width":700,"height":701,"caption":"Ch\u00e2teau du Hameau Hauger"},"image":{"@id":"https:\/\/www.chateau-hauger.fr\/de\/#\/schema\/logo\/image\/"}}]}},"_links":{"self":[{"href":"https:\/\/www.chateau-hauger.fr\/de\/wp-json\/wp\/v2\/pages\/164","targetHints":{"allow":["GET"]}}],"collection":[{"href":"https:\/\/www.chateau-hauger.fr\/de\/wp-json\/wp\/v2\/pages"}],"about":[{"href":"https:\/\/www.chateau-hauger.fr\/de\/wp-json\/wp\/v2\/types\/page"}],"author":[{"embeddable":true,"href":"https:\/\/www.chateau-hauger.fr\/de\/wp-json\/wp\/v2\/users\/2"}],"replies":[{"embeddable":true,"href":"https:\/\/www.chateau-hauger.fr\/de\/wp-json\/wp\/v2\/comments?post=164"}],"version-history":[{"count":3,"href":"https:\/\/www.chateau-hauger.fr\/de\/wp-json\/wp\/v2\/pages\/164\/revisions"}],"predecessor-version":[{"id":422,"href":"https:\/\/www.chateau-hauger.fr\/de\/wp-json\/wp\/v2\/pages\/164\/revisions\/422"}],"wp:attachment":[{"href":"https:\/\/www.chateau-hauger.fr\/de\/wp-json\/wp\/v2\/media?parent=164"}],"curies":[{"name":"wp","href":"https:\/\/api.w.org\/{rel}","templated":true}]}}