{"id":112,"date":"2023-07-07T11:35:26","date_gmt":"2023-07-07T11:35:26","guid":{"rendered":"https:\/\/www.chateau-hauger.fr\/?page_id=112"},"modified":"2025-07-08T06:43:27","modified_gmt":"2025-07-08T06:43:27","slug":"seminare","status":"publish","type":"page","link":"https:\/\/www.chateau-hauger.fr\/de\/seminare\/","title":{"rendered":"Seminare"},"content":{"rendered":"<div class=\"wpb-content-wrapper\">[vc_row][vc_column width=&#8220;1\/2&#8243;][vc_column_text css=&#8220;&#8220;]\n<h1>Haben Sie ein besonderes Ereignis? Einen Trainingskursus? Eine Betriebsversammlung?<\/h1>\n<p>Wir haben einen besonderen Ort.<\/p>\n<p>M\u00f6chten Sie Ihre Mitarbeiter in einer Umgebung treffen, die ihre Gewohnheiten ver\u00e4ndert? Sie suchen etwas Besonderes abseits Ihres allt\u00e4glichen Gesch\u00e4ftsumfelds? Dann sprechen Sie uns an!<\/p>\n<p>Das Ch\u00e2teau-Hameau-Hauger bietet Tagungen, Konferenzen und Seminaren einen gro\u00dfz\u00fcgigen Rahmen und eine Quelle der Kreativit\u00e4t. Es schafft eine Atmosph\u00e4re, die dem gesch\u00e4ftlichen und informellen Austausch f\u00f6rderlich ist.<\/p>\n<p>Jeder kreative Kopf braucht zur Entfaltung seiner Ideen Freiraum und einen Raum, der ihn einl\u00e4dt und inspiriert. Das finden Sie hier.<\/p>\n<p>Ob Sie ein Seminar, eine Firmenveranstaltung, eine Tagung, ein Symposium oder eine Pr\u00e4sentation planen, wir stehen Ihnen mit allen unseren R\u00e4umlichkeiten und G\u00e4rten zur Verf\u00fcgung. So werden Ihre Veranstaltungen erfolgreich.[\/vc_column_text][\/vc_column][vc_column width=&#8220;1\/2&#8243;][vc_single_image image=&#8220;122&#8243; style=&#8220;vc_box_border&#8220; border_color=&#8220;white&#8220; css=&#8220;.vc_custom_1688730730126{background-color: #ffffff !important;}&#8220;][\/vc_column][\/vc_row][vc_row full_width=&#8220;stretch_row&#8220; css=&#8220;.vc_custom_1643110392327{padding-top: 25px !important;background-color: #ffffff !important;}&#8220;][vc_column width=&#8220;1\/2&#8243;][vc_column_text css=&#8220;&#8220;]\n<h2>Nebenprogramm<\/h2>\n<p>Die franz\u00f6sische Atmosph\u00e4re, der Meerblick und das besondere Ambiente am Kamin und im herrlichen Garten sind Ihnen und Ihren G\u00e4sten nach einem Tag voller Ruhe und Entspannung garantiert. Oder nutzen Sie eines der vielen Angebote unseres Programms oder machen Sie einen Strandspaziergang, um wieder in Form zu kommen!<\/p>\n<p>Eine Auswahl an Aktivit\u00e4ten finden Sie hier:<\/p>\n<ul>\n<li>Fahrradtouren<\/li>\n<li>Verkostung von Calvados-Spezialit\u00e4ten<\/li>\n<li>Grillen Sie an sonnigen Abenden im Garten<\/li>\n<li>Spazierg\u00e4nge am Strand<\/li>\n<\/ul>\n[\/vc_column_text][\/vc_column][vc_column width=&#8220;1\/2&#8243;][vc_single_image image=&#8220;124&#8243; style=&#8220;vc_box_border&#8220; css=&#8220;.vc_custom_1688730754435{background-color: #ffffff !important;}&#8220;][\/vc_column][\/vc_row][vc_row css=&#8220;.vc_custom_1688651815027{padding-top: 25px !important;}&#8220;][vc_column width=&#8220;1\/2&#8243;][vc_column_text css=&#8220;&#8220;]\n<h2>Konferenzraum<\/h2>\n<p>Die richtige Atmosph\u00e4re, entscheidend f\u00fcr effizientes Arbeiten.<\/p>\n<p>Sie finden eine Vielzahl an Konferenzeinrichtungen unterschiedlicher Stilrichtungen, ganz nach Ihren W\u00fcnschen. F\u00fcr 20-100 Personen bieten wir eine Auswahl an R\u00e4umen und G\u00e4rten unterschiedlicher Gr\u00f6\u00dfe und Beschaffenheit. Hinzu kommt moderne Kommunikations- und Pr\u00e4sentationstechniken.<\/p>\n<p>Was braucht eine Firmenveranstaltung, um perfekt zu sein? Nat\u00fcrlich einen tollen Anlass, einen passenden Ort, G\u00e4ste&#8230; und Menschen, die sich um die kleinsten Details k\u00fcmmern, um die Organisation zu perfektionieren.<\/p>\n<p>Die Organisation auf professionellem Niveau, der zuvorkommende Service und die Reaktionsf\u00e4higkeit sind f\u00fcr uns selbstverst\u00e4ndlich und f\u00fcr ein exklusives Erlebnis f\u00fcr Sie und Ihr Team notwendig. Dies vor, w\u00e4hrend und nach der Veranstaltung. Versprochen!<\/p>\n<p>Firmenevents im Ch\u00e2teau-Hameau-Hauger, einfach perfekt![\/vc_column_text][\/vc_column][vc_column width=&#8220;1\/2&#8243;][vc_single_image image=&#8220;126&#8243; style=&#8220;vc_box_border&#8220; border_color=&#8220;white&#8220; css=&#8220;.vc_custom_1688730806368{background-color: #ffffff !important;}&#8220;][\/vc_column][\/vc_row]\n<\/div>","protected":false},"excerpt":{"rendered":"<p>[vc_row][vc_column width=&#8220;1\/2&#8243;][vc_column_text css=&#8220;&#8220;] Haben Sie ein besonderes Ereignis? Einen Trainingskursus? Eine Betriebsversammlung? Wir haben einen besonderen Ort. M\u00f6chten Sie Ihre Mitarbeiter in einer Umgebung treffen, die ihre Gewohnheiten ver\u00e4ndert? Sie suchen etwas Besonderes abseits Ihres allt\u00e4glichen Gesch\u00e4ftsumfelds? Dann sprechen Sie uns an! Das Ch\u00e2teau-Hameau-Hauger bietet Tagungen, Konferenzen und Seminaren einen gro\u00dfz\u00fcgigen Rahmen und eine Quelle&hellip;<\/p>\n","protected":false},"author":2,"featured_media":0,"parent":0,"menu_order":0,"comment_status":"closed","ping_status":"closed","template":"","meta":{"footnotes":""},"class_list":["post-112","page","type-page","status-publish","hentry","entry","no-media"],"yoast_head":"<!-- This site is optimized with the Yoast SEO plugin v27.4 - https:\/\/yoast.com\/product\/yoast-seo-wordpress\/ -->\n<title>Ch\u00e2teau du Hameau Hauger - Seminare<\/title>\n<meta name=\"robots\" content=\"index, follow, max-snippet:-1, max-image-preview:large, max-video-preview:-1\" \/>\n<link rel=\"canonical\" href=\"https:\/\/www.chateau-hauger.fr\/de\/seminare\/\" \/>\n<meta property=\"og:locale\" content=\"de_DE\" \/>\n<meta property=\"og:type\" content=\"article\" \/>\n<meta property=\"og:title\" content=\"Ch\u00e2teau du Hameau Hauger - Seminare\" \/>\n<meta property=\"og:description\" content=\"[vc_row][vc_column width=&#8220;1\/2&#8243;][vc_column_text css=&#8220;&#8220;] Haben Sie ein besonderes Ereignis? Einen Trainingskursus? Eine Betriebsversammlung? Wir haben einen besonderen Ort. M\u00f6chten Sie Ihre Mitarbeiter in einer Umgebung treffen, die ihre Gewohnheiten ver\u00e4ndert? Sie suchen etwas Besonderes abseits Ihres allt\u00e4glichen Gesch\u00e4ftsumfelds? Dann sprechen Sie uns an! Das Ch\u00e2teau-Hameau-Hauger bietet Tagungen, Konferenzen und Seminaren einen gro\u00dfz\u00fcgigen Rahmen und eine Quelle&hellip;\" \/>\n<meta property=\"og:url\" content=\"https:\/\/www.chateau-hauger.fr\/de\/seminare\/\" \/>\n<meta property=\"og:site_name\" content=\"Ch\u00e2teau du Hameau Hauger\" \/>\n<meta property=\"article:modified_time\" content=\"2025-07-08T06:43:27+00:00\" \/>\n<meta property=\"og:image\" content=\"https:\/\/www.chateau-hauger.fr\/wp-content\/uploads\/2025\/07\/fav.png\" \/>\n\t<meta property=\"og:image:width\" content=\"700\" \/>\n\t<meta property=\"og:image:height\" content=\"701\" \/>\n\t<meta property=\"og:image:type\" content=\"image\/png\" \/>\n<meta name=\"twitter:card\" content=\"summary_large_image\" \/>\n<meta name=\"twitter:label1\" content=\"Gesch\u00e4tzte Lesezeit\" \/>\n\t<meta name=\"twitter:data1\" content=\"2\u00a0Minuten\" \/>\n<script type=\"application\/ld+json\" class=\"yoast-schema-graph\">{\"@context\":\"https:\\\/\\\/schema.org\",\"@graph\":[{\"@type\":\"WebPage\",\"@id\":\"https:\\\/\\\/www.chateau-hauger.fr\\\/de\\\/seminare\\\/\",\"url\":\"https:\\\/\\\/www.chateau-hauger.fr\\\/de\\\/seminare\\\/\",\"name\":\"Ch\u00e2teau du Hameau Hauger - Seminare\",\"isPartOf\":{\"@id\":\"https:\\\/\\\/www.chateau-hauger.fr\\\/de\\\/#website\"},\"datePublished\":\"2023-07-07T11:35:26+00:00\",\"dateModified\":\"2025-07-08T06:43:27+00:00\",\"breadcrumb\":{\"@id\":\"https:\\\/\\\/www.chateau-hauger.fr\\\/de\\\/seminare\\\/#breadcrumb\"},\"inLanguage\":\"de\",\"potentialAction\":[{\"@type\":\"ReadAction\",\"target\":[\"https:\\\/\\\/www.chateau-hauger.fr\\\/de\\\/seminare\\\/\"]}]},{\"@type\":\"BreadcrumbList\",\"@id\":\"https:\\\/\\\/www.chateau-hauger.fr\\\/de\\\/seminare\\\/#breadcrumb\",\"itemListElement\":[{\"@type\":\"ListItem\",\"position\":1,\"name\":\"Startseite\",\"item\":\"https:\\\/\\\/www.chateau-hauger.fr\\\/de\\\/\"},{\"@type\":\"ListItem\",\"position\":2,\"name\":\"Seminare\"}]},{\"@type\":\"WebSite\",\"@id\":\"https:\\\/\\\/www.chateau-hauger.fr\\\/de\\\/#website\",\"url\":\"https:\\\/\\\/www.chateau-hauger.fr\\\/de\\\/\",\"name\":\"Ch\u00e2teau du Hameau Hauger\",\"description\":\"\",\"publisher\":{\"@id\":\"https:\\\/\\\/www.chateau-hauger.fr\\\/de\\\/#organization\"},\"potentialAction\":[{\"@type\":\"SearchAction\",\"target\":{\"@type\":\"EntryPoint\",\"urlTemplate\":\"https:\\\/\\\/www.chateau-hauger.fr\\\/de\\\/?s={search_term_string}\"},\"query-input\":{\"@type\":\"PropertyValueSpecification\",\"valueRequired\":true,\"valueName\":\"search_term_string\"}}],\"inLanguage\":\"de\"},{\"@type\":\"Organization\",\"@id\":\"https:\\\/\\\/www.chateau-hauger.fr\\\/de\\\/#organization\",\"name\":\"Ch\u00e2teau du Hameau Hauger\",\"url\":\"https:\\\/\\\/www.chateau-hauger.fr\\\/de\\\/\",\"logo\":{\"@type\":\"ImageObject\",\"inLanguage\":\"de\",\"@id\":\"https:\\\/\\\/www.chateau-hauger.fr\\\/de\\\/#\\\/schema\\\/logo\\\/image\\\/\",\"url\":\"https:\\\/\\\/www.chateau-hauger.fr\\\/wp-content\\\/uploads\\\/2025\\\/07\\\/fav.png\",\"contentUrl\":\"https:\\\/\\\/www.chateau-hauger.fr\\\/wp-content\\\/uploads\\\/2025\\\/07\\\/fav.png\",\"width\":700,\"height\":701,\"caption\":\"Ch\u00e2teau du Hameau Hauger\"},\"image\":{\"@id\":\"https:\\\/\\\/www.chateau-hauger.fr\\\/de\\\/#\\\/schema\\\/logo\\\/image\\\/\"}}]}<\/script>\n<!-- \/ Yoast SEO plugin. -->","yoast_head_json":{"title":"Ch\u00e2teau du Hameau Hauger - Seminare","robots":{"index":"index","follow":"follow","max-snippet":"max-snippet:-1","max-image-preview":"max-image-preview:large","max-video-preview":"max-video-preview:-1"},"canonical":"https:\/\/www.chateau-hauger.fr\/de\/seminare\/","og_locale":"de_DE","og_type":"article","og_title":"Ch\u00e2teau du Hameau Hauger - Seminare","og_description":"[vc_row][vc_column width=&#8220;1\/2&#8243;][vc_column_text css=&#8220;&#8220;] Haben Sie ein besonderes Ereignis? Einen Trainingskursus? Eine Betriebsversammlung? Wir haben einen besonderen Ort. M\u00f6chten Sie Ihre Mitarbeiter in einer Umgebung treffen, die ihre Gewohnheiten ver\u00e4ndert? Sie suchen etwas Besonderes abseits Ihres allt\u00e4glichen Gesch\u00e4ftsumfelds? Dann sprechen Sie uns an! Das Ch\u00e2teau-Hameau-Hauger bietet Tagungen, Konferenzen und Seminaren einen gro\u00dfz\u00fcgigen Rahmen und eine Quelle&hellip;","og_url":"https:\/\/www.chateau-hauger.fr\/de\/seminare\/","og_site_name":"Ch\u00e2teau du Hameau Hauger","article_modified_time":"2025-07-08T06:43:27+00:00","og_image":[{"width":700,"height":701,"url":"https:\/\/www.chateau-hauger.fr\/wp-content\/uploads\/2025\/07\/fav.png","type":"image\/png"}],"twitter_card":"summary_large_image","twitter_misc":{"Gesch\u00e4tzte Lesezeit":"2\u00a0Minuten"},"schema":{"@context":"https:\/\/schema.org","@graph":[{"@type":"WebPage","@id":"https:\/\/www.chateau-hauger.fr\/de\/seminare\/","url":"https:\/\/www.chateau-hauger.fr\/de\/seminare\/","name":"Ch\u00e2teau du Hameau Hauger - Seminare","isPartOf":{"@id":"https:\/\/www.chateau-hauger.fr\/de\/#website"},"datePublished":"2023-07-07T11:35:26+00:00","dateModified":"2025-07-08T06:43:27+00:00","breadcrumb":{"@id":"https:\/\/www.chateau-hauger.fr\/de\/seminare\/#breadcrumb"},"inLanguage":"de","potentialAction":[{"@type":"ReadAction","target":["https:\/\/www.chateau-hauger.fr\/de\/seminare\/"]}]},{"@type":"BreadcrumbList","@id":"https:\/\/www.chateau-hauger.fr\/de\/seminare\/#breadcrumb","itemListElement":[{"@type":"ListItem","position":1,"name":"Startseite","item":"https:\/\/www.chateau-hauger.fr\/de\/"},{"@type":"ListItem","position":2,"name":"Seminare"}]},{"@type":"WebSite","@id":"https:\/\/www.chateau-hauger.fr\/de\/#website","url":"https:\/\/www.chateau-hauger.fr\/de\/","name":"Ch\u00e2teau du Hameau Hauger","description":"","publisher":{"@id":"https:\/\/www.chateau-hauger.fr\/de\/#organization"},"potentialAction":[{"@type":"SearchAction","target":{"@type":"EntryPoint","urlTemplate":"https:\/\/www.chateau-hauger.fr\/de\/?s={search_term_string}"},"query-input":{"@type":"PropertyValueSpecification","valueRequired":true,"valueName":"search_term_string"}}],"inLanguage":"de"},{"@type":"Organization","@id":"https:\/\/www.chateau-hauger.fr\/de\/#organization","name":"Ch\u00e2teau du Hameau Hauger","url":"https:\/\/www.chateau-hauger.fr\/de\/","logo":{"@type":"ImageObject","inLanguage":"de","@id":"https:\/\/www.chateau-hauger.fr\/de\/#\/schema\/logo\/image\/","url":"https:\/\/www.chateau-hauger.fr\/wp-content\/uploads\/2025\/07\/fav.png","contentUrl":"https:\/\/www.chateau-hauger.fr\/wp-content\/uploads\/2025\/07\/fav.png","width":700,"height":701,"caption":"Ch\u00e2teau du Hameau Hauger"},"image":{"@id":"https:\/\/www.chateau-hauger.fr\/de\/#\/schema\/logo\/image\/"}}]}},"_links":{"self":[{"href":"https:\/\/www.chateau-hauger.fr\/de\/wp-json\/wp\/v2\/pages\/112","targetHints":{"allow":["GET"]}}],"collection":[{"href":"https:\/\/www.chateau-hauger.fr\/de\/wp-json\/wp\/v2\/pages"}],"about":[{"href":"https:\/\/www.chateau-hauger.fr\/de\/wp-json\/wp\/v2\/types\/page"}],"author":[{"embeddable":true,"href":"https:\/\/www.chateau-hauger.fr\/de\/wp-json\/wp\/v2\/users\/2"}],"replies":[{"embeddable":true,"href":"https:\/\/www.chateau-hauger.fr\/de\/wp-json\/wp\/v2\/comments?post=112"}],"version-history":[{"count":8,"href":"https:\/\/www.chateau-hauger.fr\/de\/wp-json\/wp\/v2\/pages\/112\/revisions"}],"predecessor-version":[{"id":528,"href":"https:\/\/www.chateau-hauger.fr\/de\/wp-json\/wp\/v2\/pages\/112\/revisions\/528"}],"wp:attachment":[{"href":"https:\/\/www.chateau-hauger.fr\/de\/wp-json\/wp\/v2\/media?parent=112"}],"curies":[{"name":"wp","href":"https:\/\/api.w.org\/{rel}","templated":true}]}}